{"id":105,"date":"2026-01-04T01:07:50","date_gmt":"2026-01-04T00:07:50","guid":{"rendered":"http:\/\/docteur-dumontel.com\/votre-parcours\/"},"modified":"2026-02-07T20:07:27","modified_gmt":"2026-02-07T19:07:27","slug":"votre-parcours","status":"publish","type":"page","link":"https:\/\/docteur-dumontel.com\/en\/votre-parcours\/","title":{"rendered":"Permanent hair removal"},"content":{"rendered":"<div data-colibri-id=\"105-c1\" class=\"style-939 style-local-105-c1 position-relative\">\n  <!---->\n  <div data-colibri-component=\"section\" data-colibri-id=\"105-c2\" id=\"content\" class=\"h-section h-section-global-spacing d-flex align-items-lg-center align-items-md-center align-items-center style-940 style-local-105-c2 position-relative\">\n    <!---->\n    <!---->\n    <div class=\"h-section-grid-container h-section-boxed-container\">\n      <!---->\n      <div data-colibri-id=\"105-c3\" class=\"h-row-container gutters-row-lg-0 gutters-row-md-0 gutters-row-2 gutters-row-v-lg-0 gutters-row-v-md-0 gutters-row-v-2 style-941 style-local-105-c3 position-relative\">\n        <!---->\n        <div class=\"h-row justify-content-lg-center justify-content-md-center justify-content-center align-items-lg-stretch align-items-md-stretch align-items-stretch gutters-col-lg-0 gutters-col-md-0 gutters-col-2 gutters-col-v-lg-0 gutters-col-v-md-0 gutters-col-v-2\">\n          <!---->\n          <div class=\"h-column h-column-container d-flex h-col-lg-auto h-col-md-auto h-col-auto style-942-outer style-local-105-c4-outer\">\n            <div data-colibri-id=\"105-c4\" class=\"d-flex h-flex-basis h-column__inner h-px-lg-0 h-px-md-0 h-px-0 v-inner-lg-0 v-inner-md-0 v-inner-0 style-942 style-local-105-c4 position-relative\">\n              <!---->\n              <!---->\n              <div class=\"w-100 h-y-container h-column__content h-column__v-align flex-basis-100 align-self-lg-start align-self-md-start align-self-start\">\n                <!---->\n                <div data-colibri-id=\"105-c5\" class=\"h-global-transition-all h-heading style-944 style-local-105-c5 position-relative h-element\">\n                  <!---->\n                  <div class=\"h-heading__outer style-944 style-local-105-c5\">\n                    <!---->\n                    <!---->\n                    <h3 class=\"\">\u00c9pilation Laser<\/h3>\n                  <\/div>\n                <\/div>\n                <div data-colibri-id=\"105-c6\" class=\"h-text h-text-component style-945 style-local-105-c6 position-relative h-element\">\n                  <!---->\n                  <!---->\n                  <div class=\"\">\n                    <p>L\u2019\u00e9pilation laser m\u00e9dicale est la m\u00e9thode la plus efficace pour r\u00e9duire durablement la pilosit\u00e9. Le laser cible la m\u00e9lanine du poil et d\u00e9truit progressivement le follicule pour une diminution longue dur\u00e9e.<\/p>\n                  <\/div>\n                <\/div>\n                <div data-colibri-id=\"105-c7\" class=\"h-row-container gutters-row-lg-2 gutters-row-md-2 gutters-row-0 gutters-row-v-lg-2 gutters-row-v-md-2 gutters-row-v-0 style-946 style-local-105-c7 position-relative\">\n                  <!---->\n                  <div class=\"h-row justify-content-lg-center justify-content-md-center justify-content-center align-items-lg-stretch align-items-md-stretch align-items-stretch gutters-col-lg-2 gutters-col-md-2 gutters-col-0 gutters-col-v-lg-2 gutters-col-v-md-2 gutters-col-v-0\">\n                    <!---->\n                    <div class=\"h-column h-column-container d-flex h-col-lg-12 h-col-md-12 h-col-12 style-947-outer style-local-105-c8-outer\">\n                      <div data-colibri-id=\"105-c8\" class=\"d-flex h-flex-basis h-column__inner h-px-lg-0 h-px-md-0 h-px-0 v-inner-lg-0 v-inner-md-0 v-inner-0 style-947 style-local-105-c8 position-relative\">\n                        <!---->\n                        <!---->\n                        <div class=\"w-100 h-y-container h-column__content h-column__v-align flex-basis-100 align-self-lg-start align-self-md-start align-self-start\">\n                          <!---->\n                          <div data-colibri-id=\"105-c9\" class=\"h-global-transition-all h-heading style-948 style-local-105-c9 position-relative h-element\">\n                            <!---->\n                            <div class=\"h-heading__outer style-948 style-local-105-c9\">\n                              <!---->\n                              <!---->\n                              <h5 class=\"\">Indications and therapeutic objectives<\/h5>\n                            <\/div>\n                          <\/div>\n                          <div data-colibri-id=\"105-c10\" class=\"h-text h-text-component style-949 style-local-105-c10 position-relative h-element\">\n                            <!---->\n                            <!---->\n                            <div class=\"\">\n                              <ul>\n                                <li>Jambes, maillot, aisselles<\/li>\n                                <li>Zones du visage (menton, l\u00e8vre, joues)<\/li>\n                                <li>Dos, torse, bras<\/li>\n                              <\/ul>\n                              <p>Objectif : \u00e9pilation d\u00e9finitive, avec une r\u00e9duction durable de la pilosit\u00e9 et une repousse r\u00e9siduelle plus fine.<\/p>\n                            <\/div>\n                          <\/div>\n                        <\/div>\n                      <\/div>\n                    <\/div>\n                    <div class=\"h-column h-column-container d-flex h-col-lg-12 h-col-md-12 h-col-12 style-947-outer style-local-105-c11-outer\">\n                      <div data-colibri-id=\"105-c11\" class=\"d-flex h-flex-basis h-column__inner h-px-lg-0 h-px-md-0 h-px-0 v-inner-lg-0 v-inner-md-0 v-inner-0 style-947 style-local-105-c11 position-relative\">\n                        <!---->\n                        <!---->\n                        <div class=\"w-100 h-y-container h-column__content h-column__v-align flex-basis-100 align-self-lg-start align-self-md-start align-self-start\">\n                          <!---->\n                          <div data-colibri-id=\"105-c12\" class=\"h-global-transition-all h-heading style-948 style-local-105-c12 position-relative h-element\">\n                            <!---->\n                            <div class=\"h-heading__outer style-948 style-local-105-c12\">\n                              <!---->\n                              <!---->\n                              <h5 class=\"\">Medical procedure<\/h5>\n                            <\/div>\n                          <\/div>\n                          <div data-colibri-id=\"105-c13\" class=\"h-text h-text-component style-949 style-local-105-c13 position-relative h-element\">\n                            <!---->\n                            <!---->\n                            <div class=\"\">\n                              <p>Apr\u00e8s diagnostic peau\/poils, le laser est appliqu\u00e9 zone par zone avec un syst\u00e8me de refroidissement pour optimiser le confort.<\/p>\n                            <\/div>\n                          <\/div>\n                        <\/div>\n                      <\/div>\n                    <\/div>\n                    <div class=\"h-column h-column-container d-flex h-col-lg-12 h-col-md-12 h-col-12 style-947-outer style-local-105-c14-outer\">\n                      <div data-colibri-id=\"105-c14\" class=\"d-flex h-flex-basis h-column__inner h-px-lg-0 h-px-md-0 h-px-0 v-inner-lg-0 v-inner-md-0 v-inner-0 style-947 style-local-105-c14 position-relative\">\n                        <!---->\n                        <!---->\n                        <div class=\"w-100 h-y-container h-column__content h-column__v-align flex-basis-100 align-self-lg-start align-self-md-start align-self-start\">\n                          <!---->\n                          <div data-colibri-id=\"105-c15\" class=\"h-global-transition-all h-heading style-948 style-local-105-c15 position-relative h-element\">\n                            <!---->\n                            <div class=\"h-heading__outer style-948 style-local-105-c15\">\n                              <!---->\n                              <!---->\n                              <h5 class=\"\">Post-treatment follow-up and recommendations<\/h5>\n                            <\/div>\n                          <\/div>\n                          <div data-colibri-id=\"105-c16\" class=\"h-text h-text-component style-949 style-local-105-c16 position-relative h-element\">\n                            <!---->\n                            <!---->\n                            <div class=\"\">\n                              <p>Rougeurs folliculaires normales quelques heures. \u00c9viter soleil 48h + protection solaire.<\/p>\n                            <\/div>\n                          <\/div>\n                          <div data-colibri-id=\"105-c17\" class=\"h-x-container style-1030 style-local-105-c17 position-relative h-element\">\n                            <!---->\n                            <div class=\"h-x-container-inner style-dynamic-105-c17-group style-1030-spacing style-local-105-c17-spacing\"><span class=\"h-button__outer style-1029-outer style-local-105-c18-outer d-inline-flex h-element\"><a h-use-smooth-scroll=\"true\" href=\"https:\/\/docteur-dumontel.com\/en\/tarifs\/\"  data-colibri-id=\"105-c18\" class=\"d-flex w-100 align-items-center h-button justify-content-lg-center justify-content-md-center justify-content-center style-1029 style-local-105-c18 position-relative\"><!----><!----> <span>VOIR LES TARIFS<\/span><\/a>\n                              <\/span>\n                            <\/div>\n                          <\/div>\n                        <\/div>\n                      <\/div>\n                    <\/div>\n                  <\/div>\n                <\/div>\n              <\/div>\n            <\/div>\n          <\/div>\n          <div class=\"h-column h-column-container d-flex h-col-lg-auto h-col-md-auto h-col-auto style-950-outer style-local-105-c19-outer\">\n            <div data-colibri-id=\"105-c19\" class=\"d-flex h-flex-basis h-column__inner h-ui-empty-state-container h-px-lg-0 h-px-md-0 h-px-0 v-inner-lg-0 v-inner-md-0 v-inner-0 style-950 style-local-105-c19 position-relative\">\n              <!---->\n              <!---->\n              <div class=\"w-100 h-y-container h-column__content h-column__v-align flex-basis-100\">\n                <!---->\n              <\/div>\n            <\/div>\n          <\/div>\n        <\/div>\n      <\/div>\n    <\/div>\n  <\/div>\n  <div data-colibri-component=\"section\" data-colibri-id=\"105-c20\" id=\"content-2\" class=\"h-section h-section-global-spacing d-flex align-items-lg-center align-items-md-center align-items-center style-951 style-local-105-c20 h-overflow-hidden position-relative\">\n    <!---->\n    <!---->\n    <div class=\"h-section-grid-container h-section-boxed-container\">\n      <!---->\n      <div data-colibri-id=\"105-c21\" class=\"h-row-container gutters-row-lg-0 gutters-row-md-0 gutters-row-2 gutters-row-v-lg-0 gutters-row-v-md-0 gutters-row-v-2 style-952 style-local-105-c21 position-relative\">\n        <!---->\n        <div class=\"h-row justify-content-lg-center justify-content-md-center justify-content-center align-items-lg-stretch align-items-md-stretch align-items-stretch gutters-col-lg-0 gutters-col-md-0 gutters-col-2 gutters-col-v-lg-0 gutters-col-v-md-0 gutters-col-v-2\">\n          <!---->\n          <div class=\"h-column h-column-container d-flex h-col-lg-auto h-col-md-auto h-col-auto style-953-outer style-local-105-c22-outer\">\n            <div data-colibri-id=\"105-c22\" class=\"d-flex h-flex-basis h-column__inner h-ui-empty-state-container h-px-lg-0 h-px-md-0 h-px-0 v-inner-lg-0 v-inner-md-0 v-inner-0 style-953 style-local-105-c22 position-relative\">\n              <!---->\n              <!---->\n              <div class=\"w-100 h-y-container h-column__content h-column__v-align flex-basis-100\">\n                <!---->\n              <\/div>\n            <\/div>\n          <\/div>\n          <div class=\"h-column h-column-container d-flex h-col-lg-auto h-col-md-auto h-col-auto style-954-outer style-local-105-c23-outer\">\n            <div data-colibri-id=\"105-c23\" class=\"d-flex h-flex-basis h-column__inner h-px-lg-0 h-px-md-0 h-px-0 v-inner-lg-0 v-inner-md-0 v-inner-0 style-954 style-local-105-c23 position-relative\">\n              <!---->\n              <!---->\n              <div class=\"w-100 h-y-container h-column__content h-column__v-align flex-basis-100 align-self-lg-start align-self-md-start align-self-start\">\n                <!---->\n                <div data-colibri-id=\"105-c24\" class=\"h-global-transition-all h-heading style-956 style-local-105-c24 position-relative h-element\">\n                  <!---->\n                  <div class=\"h-heading__outer style-956 style-local-105-c24\">\n                    <!---->\n                    <!---->\n                    <h3 class=\"\">\u00c9pilation \u00c9lectrique<\/h3>\n                  <\/div>\n                <\/div>\n                <div data-colibri-id=\"105-c25\" class=\"h-text h-text-component style-957 style-local-105-c25 position-relative h-element\">\n                  <!---->\n                  <!---->\n                  <div class=\"\">\n                    <p>L\u2019\u00e9pilation \u00e9lectrique (\u00e9lectrolyse) est une m\u00e9thode d\u2019\u00e9pilation d\u00e9finitive permettant de traiter les poils blonds, blancs, roux ou tr\u00e8s fins, non d\u00e9tect\u00e9s par le laser. Chaque poil est trait\u00e9 individuellement pour un r\u00e9sultat d\u00e9finitif.<\/p>\n                  <\/div>\n                <\/div>\n                <div data-colibri-id=\"105-c26\" class=\"h-row-container gutters-row-lg-2 gutters-row-md-2 gutters-row-0 gutters-row-v-lg-2 gutters-row-v-md-2 gutters-row-v-0 style-958 style-local-105-c26 position-relative\">\n                  <!---->\n                  <div class=\"h-row justify-content-lg-center justify-content-md-center justify-content-center align-items-lg-stretch align-items-md-stretch align-items-stretch gutters-col-lg-2 gutters-col-md-2 gutters-col-0 gutters-col-v-lg-2 gutters-col-v-md-2 gutters-col-v-0\">\n                    <!---->\n                    <div class=\"h-column h-column-container d-flex h-col-lg-12 h-col-md-12 h-col-12 style-959-outer style-local-105-c27-outer\">\n                      <div data-colibri-id=\"105-c27\" class=\"d-flex h-flex-basis h-column__inner h-px-lg-0 h-px-md-0 h-px-2 v-inner-lg-0 v-inner-md-0 v-inner-2 style-959 style-local-105-c27 position-relative\">\n                        <!---->\n                        <!---->\n                        <div class=\"w-100 h-y-container h-column__content h-column__v-align flex-basis-100 align-self-lg-start align-self-md-start align-self-start\">\n                          <!---->\n                          <div data-colibri-id=\"105-c28\" class=\"h-global-transition-all h-heading style-960 style-local-105-c28 position-relative h-element\">\n                            <!---->\n                            <div class=\"h-heading__outer style-960 style-local-105-c28\">\n                              <!---->\n                              <!---->\n                              <h5 class=\"\">Indications and therapeutic objectives<\/h5>\n                            <\/div>\n                          <\/div>\n                          <div data-colibri-id=\"105-c29\" class=\"h-text h-text-component style-961 style-local-105-c29 position-relative h-element\">\n                            <!---->\n                            <!---->\n                            <div class=\"\">\n                              <ul>\n                                <li>Poils clairs non compatibles avec le laser<\/li>\n                                <li>Poils isol\u00e9s du visage<\/li>\n                                <li>Zones n\u00e9cessitant une pr\u00e9cision maximale<\/li>\n                              <\/ul>\n                              <p>Objectif : \u00e9limination d\u00e9finitive du poil trait\u00e9.<\/p>\n                            <\/div>\n                          <\/div>\n                        <\/div>\n                      <\/div>\n                    <\/div>\n                    <div class=\"h-column h-column-container d-flex h-col-lg-12 h-col-md-12 h-col-12 style-959-outer style-local-105-c30-outer\">\n                      <div data-colibri-id=\"105-c30\" class=\"d-flex h-flex-basis h-column__inner h-px-lg-0 h-px-md-0 h-px-2 v-inner-lg-0 v-inner-md-0 v-inner-2 style-959 style-local-105-c30 position-relative\">\n                        <!---->\n                        <!---->\n                        <div class=\"w-100 h-y-container h-column__content h-column__v-align flex-basis-100 align-self-lg-start align-self-md-start align-self-start\">\n                          <!---->\n                          <div data-colibri-id=\"105-c31\" class=\"h-global-transition-all h-heading style-960 style-local-105-c31 position-relative h-element\">\n                            <!---->\n                            <div class=\"h-heading__outer style-960 style-local-105-c31\">\n                              <!---->\n                              <!---->\n                              <h5 class=\"\">Medical procedure<\/h5>\n                            <\/div>\n                          <\/div>\n                          <div data-colibri-id=\"105-c32\" class=\"h-text h-text-component style-961 style-local-105-c32 position-relative h-element\">\n                            <!---->\n                            <!---->\n                            <div class=\"\">\n                              <p>Insertion d\u2019un micro-filament dans le follicule + impulsion \u00e9lectrique d\u00e9truisant la racine du poil.<\/p>\n                            <\/div>\n                          <\/div>\n                        <\/div>\n                      <\/div>\n                    <\/div>\n                    <div class=\"h-column h-column-container d-flex h-col-lg-12 h-col-md-12 h-col-12 style-959-outer style-local-105-c33-outer\">\n                      <div data-colibri-id=\"105-c33\" class=\"d-flex h-flex-basis h-column__inner h-px-lg-0 h-px-md-0 h-px-2 v-inner-lg-0 v-inner-md-0 v-inner-2 style-959 style-local-105-c33 position-relative\">\n                        <!---->\n                        <!---->\n                        <div class=\"w-100 h-y-container h-column__content h-column__v-align flex-basis-100 align-self-lg-start align-self-md-start align-self-start\">\n                          <!---->\n                          <div data-colibri-id=\"105-c34\" class=\"h-global-transition-all h-heading style-960 style-local-105-c34 position-relative h-element\">\n                            <!---->\n                            <div class=\"h-heading__outer style-960 style-local-105-c34\">\n                              <!---->\n                              <!---->\n                              <h5 class=\"\">Post-treatment follow-up and recommendations<\/h5>\n                            <\/div>\n                          <\/div>\n                          <div data-colibri-id=\"105-c35\" class=\"h-text h-text-component style-961 style-local-105-c35 position-relative h-element\">\n                            <!---->\n                            <!---->\n                            <div class=\"\">\n                              <p>Rougeurs l\u00e9g\u00e8res possibles. \u00c9viter le soleil et le maquillage imm\u00e9diat.<\/p>\n                            <\/div>\n                          <\/div>\n                          <div data-colibri-id=\"105-c36\" class=\"h-x-container style-1028 style-local-105-c36 position-relative h-element\">\n                            <!---->\n                            <div class=\"h-x-container-inner style-dynamic-105-c36-group style-1028-spacing style-local-105-c36-spacing\"><span class=\"h-button__outer style-1029-outer style-local-105-c37-outer d-inline-flex h-element\"><a h-use-smooth-scroll=\"true\" href=\"https:\/\/docteur-dumontel.com\/en\/tarifs\/\"  data-colibri-id=\"105-c37\" class=\"d-flex w-100 align-items-center h-button justify-content-lg-center justify-content-md-center justify-content-center style-1029 style-local-105-c37 position-relative\"><!----><!----> <span>VOIR LES TARIFS<\/span><\/a>\n                              <\/span>\n                            <\/div>\n                          <\/div>\n                        <\/div>\n                      <\/div>\n                    <\/div>\n                  <\/div>\n                <\/div>\n              <\/div>\n            <\/div>\n          <\/div>\n        <\/div>\n      <\/div>\n    <\/div>\n  <\/div>\n  <div data-colibri-component=\"section\" data-colibri-id=\"105-c38\" id=\"custom\" class=\"h-section h-section-global-spacing d-flex align-items-lg-center align-items-md-center align-items-center style-962 style-local-105-c38 position-relative\">\n    <!---->\n    <!---->\n    <div class=\"h-section-grid-container h-section-boxed-container\">\n      <!---->\n      <div data-colibri-id=\"105-c39\" class=\"h-row-container gutters-row-lg-0 gutters-row-md-0 gutters-row-0 gutters-row-v-lg-0 gutters-row-v-md-0 gutters-row-v-0 style-963 style-local-105-c39 position-relative\">\n        <!---->\n        <div class=\"h-row justify-content-lg-center justify-content-md-center justify-content-center align-items-lg-stretch align-items-md-stretch align-items-stretch gutters-col-lg-0 gutters-col-md-0 gutters-col-0 gutters-col-v-lg-0 gutters-col-v-md-0 gutters-col-v-0\">\n          <!---->\n          <div class=\"h-column h-column-container d-flex h-col-lg-auto h-col-md-auto h-col-auto style-964-outer style-local-105-c40-outer\">\n            <div data-colibri-id=\"105-c40\" class=\"d-flex h-flex-basis h-column__inner h-px-lg-0 h-px-md-0 h-px-0 v-inner-lg-0 v-inner-md-0 v-inner-0 style-964 style-local-105-c40 position-relative\">\n              <!---->\n              <!---->\n              <div class=\"w-100 h-y-container h-column__content h-column__v-align flex-basis-100 align-self-lg-start align-self-md-start align-self-start\">\n                <!---->\n                <div data-colibri-id=\"105-c41\" class=\"h-x-container style-965 style-local-105-c41 position-relative h-element\">\n                  <!---->\n                  <div class=\"h-x-container-inner style-dynamic-105-c41-group style-965-spacing style-local-105-c41-spacing\"><span class=\"h-button__outer style-966-outer style-local-105-c42-outer d-inline-flex h-element\"><a h-use-smooth-scroll=\"true\" href=\"https:\/\/www.doctolib.fr\/medecin-generaliste\/cavalaire-sur-mer\/thibault-dumontel\/booking\/motives?specialityId=222&amp;telehealth=false&amp;placeId=practice-519085&amp;pid=practice-519085&amp;source=profile&amp;bookingFunnelSource=profile\"  data-colibri-id=\"105-c42\" class=\"d-flex w-100 align-items-center h-button justify-content-lg-center justify-content-md-center justify-content-center style-966 style-local-105-c42 position-relative\"><!----><!----> <span>prendre rendez-vous \u00c0 CANNES<\/span><\/a>\n                    <\/span>\n                  <\/div>\n                <\/div>\n              <\/div>\n            <\/div>\n          <\/div>\n        <\/div>\n      <\/div>\n      <div data-colibri-id=\"105-c43\" class=\"h-row-container gutters-row-lg-1 gutters-row-md-1 gutters-row-0 gutters-row-v-lg-1 gutters-row-v-md-1 gutters-row-v-1 style-1024 style-local-105-c43 position-relative\">\n        <!---->\n        <div class=\"h-row justify-content-lg-center justify-content-md-center justify-content-center align-items-lg-stretch align-items-md-stretch align-items-stretch gutters-col-lg-1 gutters-col-md-1 gutters-col-0 gutters-col-v-lg-1 gutters-col-v-md-1 gutters-col-v-1\">\n          <!---->\n          <div class=\"h-column h-column-container d-flex h-col-lg-auto h-col-md-auto h-col-auto style-1025-outer style-local-105-c44-outer\">\n            <div data-colibri-id=\"105-c44\" class=\"d-flex h-flex-basis h-column__inner h-px-lg-0 h-px-md-0 h-px-0 v-inner-lg-0 v-inner-md-0 v-inner-0 style-1025 style-local-105-c44 position-relative\">\n              <!---->\n              <!---->\n              <div class=\"w-100 h-y-container h-column__content h-column__v-align flex-basis-100 align-self-lg-start align-self-md-start align-self-start\">\n                <!---->\n                <div data-colibri-id=\"105-c45\" class=\"h-x-container style-1026 style-local-105-c45 position-relative h-element\">\n                  <!---->\n                  <div class=\"h-x-container-inner style-dynamic-105-c45-group style-1026-spacing style-local-105-c45-spacing\"><span class=\"h-button__outer style-1027-outer style-local-105-c46-outer d-inline-flex h-element\"><a h-use-smooth-scroll=\"true\" href=\"https:\/\/www.doctolib.fr\/medecin-generaliste\/cavalaire-sur-mer\/thibault-dumontel\/booking\/motives?specialityId=2&amp;telehealth=false&amp;placeId=practice-490624&amp;pid=practice-490624&amp;source=profile&amp;bookingFunnelSource=profile\"  data-colibri-id=\"105-c46\" class=\"d-flex w-100 align-items-center h-button justify-content-lg-center justify-content-md-center justify-content-center style-1027 style-local-105-c46 position-relative\"><!----><!----> <span>MAKE AN APPOINTMENT AT CAVALAIRE<\/span><\/a>\n                    <\/span>\n                  <\/div>\n                <\/div>\n              <\/div>\n            <\/div>\n          <\/div>\n        <\/div>\n      <\/div>\n    <\/div>\n  <\/div>\n<\/div>","protected":false},"excerpt":{"rendered":"<p>\u00c9pilation Laser L\u2019\u00e9pilation laser m\u00e9dicale est la m\u00e9thode la plus efficace pour r\u00e9duire [&hellip;]<\/p>\n","protected":false},"author":1,"featured_media":0,"parent":0,"menu_order":0,"comment_status":"closed","ping_status":"closed","template":"page-templates\/full-width-page.php","meta":{"footnotes":""},"class_list":["post-105","page","type-page","status-publish","hentry"],"_links":{"self":[{"href":"https:\/\/docteur-dumontel.com\/en\/wp-json\/wp\/v2\/pages\/105","targetHints":{"allow":["GET"]}}],"collection":[{"href":"https:\/\/docteur-dumontel.com\/en\/wp-json\/wp\/v2\/pages"}],"about":[{"href":"https:\/\/docteur-dumontel.com\/en\/wp-json\/wp\/v2\/types\/page"}],"author":[{"embeddable":true,"href":"https:\/\/docteur-dumontel.com\/en\/wp-json\/wp\/v2\/users\/1"}],"replies":[{"embeddable":true,"href":"https:\/\/docteur-dumontel.com\/en\/wp-json\/wp\/v2\/comments?post=105"}],"version-history":[{"count":11,"href":"https:\/\/docteur-dumontel.com\/en\/wp-json\/wp\/v2\/pages\/105\/revisions"}],"predecessor-version":[{"id":771,"href":"https:\/\/docteur-dumontel.com\/en\/wp-json\/wp\/v2\/pages\/105\/revisions\/771"}],"wp:attachment":[{"href":"https:\/\/docteur-dumontel.com\/en\/wp-json\/wp\/v2\/media?parent=105"}],"curies":[{"name":"wp","href":"https:\/\/api.w.org\/{rel}","templated":true}]}}