{"id":106,"date":"2026-01-04T01:08:16","date_gmt":"2026-01-04T00:08:16","guid":{"rendered":"http:\/\/docteur-dumontel.com\/actualites-conseils\/"},"modified":"2026-02-20T16:25:57","modified_gmt":"2026-02-20T15:25:57","slug":"actualites-conseils","status":"publish","type":"page","link":"https:\/\/docteur-dumontel.com\/en\/actualites-conseils\/","title":{"rendered":"Body aesthetics"},"content":{"rendered":"<div data-colibri-id=\"106-c1\" class=\"style-826 style-local-106-c1 position-relative\">\n  <!---->\n  <div data-colibri-component=\"section\" data-colibri-id=\"106-c2\" id=\"content\" class=\"h-section h-section-global-spacing d-flex align-items-lg-center align-items-md-center align-items-center style-828 style-local-106-c2 position-relative\">\n    <!---->\n    <!---->\n    <div class=\"h-section-grid-container h-section-boxed-container\">\n      <!---->\n      <div data-colibri-id=\"106-c3\" class=\"h-row-container gutters-row-lg-0 gutters-row-md-0 gutters-row-2 gutters-row-v-lg-0 gutters-row-v-md-0 gutters-row-v-2 style-829 style-local-106-c3 position-relative\">\n        <!---->\n        <div class=\"h-row justify-content-lg-center justify-content-md-center justify-content-center align-items-lg-stretch align-items-md-stretch align-items-stretch gutters-col-lg-0 gutters-col-md-0 gutters-col-2 gutters-col-v-lg-0 gutters-col-v-md-0 gutters-col-v-2\">\n          <!---->\n          <div class=\"h-column h-column-container d-flex h-col-lg-auto h-col-md-auto h-col-auto style-838-outer style-local-106-c4-outer\">\n            <div data-colibri-id=\"106-c4\" class=\"d-flex h-flex-basis h-column__inner h-ui-empty-state-container h-px-lg-0 h-px-md-0 h-px-0 v-inner-lg-0 v-inner-md-0 v-inner-0 style-838 style-local-106-c4 position-relative\">\n              <!---->\n              <!---->\n              <div class=\"w-100 h-y-container h-column__content h-column__v-align flex-basis-100\">\n                <!---->\n              <\/div>\n            <\/div>\n          <\/div>\n          <div class=\"h-column h-column-container d-flex h-col-lg-auto h-col-md-auto h-col-auto style-830-outer style-local-106-c5-outer\">\n            <div data-colibri-id=\"106-c5\" class=\"d-flex h-flex-basis h-column__inner h-px-lg-0 h-px-md-0 h-px-0 v-inner-lg-0 v-inner-md-0 v-inner-0 style-830 style-local-106-c5 position-relative\">\n              <!---->\n              <!---->\n              <div class=\"w-100 h-y-container h-column__content h-column__v-align flex-basis-100 align-self-lg-start align-self-md-start align-self-start\">\n                <!---->\n                <div data-colibri-id=\"106-c6\" class=\"h-global-transition-all h-heading style-832 style-local-106-c6 position-relative h-element\">\n                  <!---->\n                  <div class=\"h-heading__outer style-832 style-local-106-c6\">\n                    <!---->\n                    <!---->\n                    <h3 class=\"\">Cryolipolyse &#8211; Remodelage du corps<\/h3>\n                  <\/div>\n                <\/div>\n                <div data-colibri-id=\"106-c7\" class=\"h-text h-text-component style-833 style-local-106-c7 position-relative h-element\">\n                  <!---->\n                  <!---->\n                  <div class=\"\">\n                    <p>La cryolipolyse est une technique non invasive qui permet de r\u00e9duire les amas graisseux localis\u00e9s par l\u2019action contr\u00f4l\u00e9e du froid.<\/p>\n                  <\/div>\n                <\/div>\n                <div data-colibri-id=\"106-c8\" class=\"h-row-container gutters-row-lg-2 gutters-row-md-2 gutters-row-0 gutters-row-v-lg-2 gutters-row-v-md-2 gutters-row-v-0 style-834 style-local-106-c8 position-relative\">\n                  <!---->\n                  <div class=\"h-row justify-content-lg-center justify-content-md-center justify-content-center align-items-lg-stretch align-items-md-stretch align-items-stretch gutters-col-lg-2 gutters-col-md-2 gutters-col-0 gutters-col-v-lg-2 gutters-col-v-md-2 gutters-col-v-0\">\n                    <!---->\n                    <div class=\"h-column h-column-container d-flex h-col-lg-12 h-col-md-12 h-col-12 style-835-outer style-local-106-c9-outer\">\n                      <div data-colibri-id=\"106-c9\" class=\"d-flex h-flex-basis h-column__inner h-px-lg-0 h-px-md-0 h-px-0 v-inner-lg-0 v-inner-md-0 v-inner-0 style-835 style-local-106-c9 position-relative\">\n                        <!---->\n                        <!---->\n                        <div class=\"w-100 h-y-container h-column__content h-column__v-align flex-basis-100 align-self-lg-start align-self-md-start align-self-start\">\n                          <!---->\n                          <div data-colibri-id=\"106-c10\" class=\"h-global-transition-all h-heading style-836 style-local-106-c10 position-relative h-element\">\n                            <!---->\n                            <div class=\"h-heading__outer style-836 style-local-106-c10\">\n                              <!---->\n                              <!---->\n                              <h5 class=\"\">Indications and therapeutic objectives<\/h5>\n                            <\/div>\n                          <\/div>\n                          <div data-colibri-id=\"106-c11\" class=\"h-text h-text-component style-837 style-local-106-c11 position-relative h-element\">\n                            <!---->\n                            <!---->\n                            <div class=\"\">\n                              <ul>\n                                <li>R\u00e9duction des zones graisseuses r\u00e9sistantes<\/li>\n                                <li>Affinement et remodelage de la silhouette<\/li>\n                              <\/ul>\n                              <p>Objectif : am\u00e9liorer les contours corporels sans chirurgie.<\/p>\n                            <\/div>\n                          <\/div>\n                          <div data-colibri-id=\"106-c12\" class=\"h-global-transition-all h-heading style-836 style-local-106-c12 position-relative h-element\">\n                            <!---->\n                            <div class=\"h-heading__outer style-836 style-local-106-c12\">\n                              <!---->\n                              <!---->\n                              <h5 class=\"\">Medical procedure<\/h5>\n                            <\/div>\n                          <\/div>\n                          <div data-colibri-id=\"106-c13\" class=\"h-text h-text-component style-837 style-local-106-c13 position-relative h-element\">\n                            <!---->\n                            <!---->\n                            <div class=\"\">\n                              <p>Un applicateur est plac\u00e9 sur la zone cibl\u00e9e afin de refroidir les cellules graisseuses de mani\u00e8re s\u00e9lective. La s\u00e9ance est r\u00e9alis\u00e9e au cabinet et ne n\u00e9cessite pas d\u2019anesth\u00e9sie.<\/p>\n                            <\/div>\n                          <\/div>\n                          <div data-colibri-id=\"106-c14\" class=\"h-global-transition-all h-heading style-836 style-local-106-c14 position-relative h-element\">\n                            <!---->\n                            <div class=\"h-heading__outer style-836 style-local-106-c14\">\n                              <!---->\n                              <!---->\n                              <h5 class=\"\">Post-treatment follow-up and recommendations<\/h5>\n                            <\/div>\n                          <\/div>\n                          <div data-colibri-id=\"106-c15\" class=\"h-text h-text-component style-837 style-local-106-c15 position-relative h-element\">\n                            <!---->\n                            <!---->\n                            <div class=\"\">\n                              <p>Une rougeur ou une sensibilit\u00e9 transitoire peut appara\u00eetre. Les activit\u00e9s quotidiennes peuvent \u00eatre reprises imm\u00e9diatement. Les r\u00e9sultats s\u2019installent progressivement sur plusieurs semaines.<\/p>\n                            <\/div>\n                          <\/div>\n                          <div data-colibri-id=\"106-c43\" class=\"h-text h-text-component style-837 style-local-106-c43 position-relative h-element\">\n                            <!---->\n                            <!---->\n                            <div class=\"\">\n                              <p><em>*Soin disponible uniquement au cabinet de Cannes.<\/em><\/p>\n                            <\/div>\n                          <\/div>\n                          <div data-colibri-id=\"106-c16\" class=\"h-x-container style-1031 style-local-106-c16 position-relative h-element\">\n                            <!---->\n                            <div class=\"h-x-container-inner style-dynamic-106-c16-group style-1031-spacing style-local-106-c16-spacing\"><span class=\"h-button__outer style-1029-outer style-local-106-c17-outer d-inline-flex h-element\"><a h-use-smooth-scroll=\"true\" href=\"https:\/\/docteur-dumontel.com\/en\/tarifs\/\"  data-colibri-id=\"106-c17\" class=\"d-flex w-100 align-items-center h-button justify-content-lg-center justify-content-md-center justify-content-center style-1029 style-local-106-c17 position-relative\"><!----><!----> <span>VOIR LES TARIFS<\/span><\/a>\n                              <\/span>\n                            <\/div>\n                          <\/div>\n                        <\/div>\n                      <\/div>\n                    <\/div>\n                  <\/div>\n                <\/div>\n              <\/div>\n            <\/div>\n          <\/div>\n        <\/div>\n      <\/div>\n    <\/div>\n  <\/div>\n  <div data-colibri-component=\"section\" data-colibri-id=\"106-c18\" id=\"content-2\" class=\"h-section h-section-global-spacing d-flex align-items-lg-center align-items-md-center align-items-center style-839 style-local-106-c18 h-overflow-hidden position-relative\">\n    <!---->\n    <!---->\n    <div class=\"h-section-grid-container h-section-boxed-container\">\n      <!---->\n      <div data-colibri-id=\"106-c19\" class=\"h-row-container gutters-row-lg-0 gutters-row-md-0 gutters-row-2 gutters-row-v-lg-0 gutters-row-v-md-0 gutters-row-v-2 style-840 style-local-106-c19 position-relative\">\n        <!---->\n        <div class=\"h-row justify-content-lg-center justify-content-md-center justify-content-center align-items-lg-stretch align-items-md-stretch align-items-stretch gutters-col-lg-0 gutters-col-md-0 gutters-col-2 gutters-col-v-lg-0 gutters-col-v-md-0 gutters-col-v-2\">\n          <!---->\n          <div class=\"h-column h-column-container d-flex h-col-lg-auto h-col-md-auto h-col-auto style-841-outer style-local-106-c20-outer\">\n            <div data-colibri-id=\"106-c20\" class=\"d-flex h-flex-basis h-column__inner h-ui-empty-state-container h-px-lg-0 h-px-md-0 h-px-0 v-inner-lg-0 v-inner-md-0 v-inner-0 style-841 style-local-106-c20 position-relative\">\n              <!---->\n              <!---->\n              <div class=\"w-100 h-y-container h-column__content h-column__v-align flex-basis-100\">\n                <!---->\n              <\/div>\n            <\/div>\n          <\/div>\n          <div class=\"h-column h-column-container d-flex h-col-lg-auto h-col-md-auto h-col-auto style-842-outer style-local-106-c21-outer\">\n            <div data-colibri-id=\"106-c21\" class=\"d-flex h-flex-basis h-column__inner h-px-lg-0 h-px-md-0 h-px-0 v-inner-lg-0 v-inner-md-0 v-inner-0 style-842 style-local-106-c21 position-relative\">\n              <!---->\n              <!---->\n              <div class=\"w-100 h-y-container h-column__content h-column__v-align flex-basis-100 align-self-lg-start align-self-md-start align-self-start\">\n                <!---->\n                <div data-colibri-id=\"106-c22\" class=\"h-global-transition-all h-heading style-844 style-local-106-c22 position-relative h-element\">\n                  <!---->\n                  <div class=\"h-heading__outer style-844 style-local-106-c22\">\n                    <!---->\n                    <!---->\n                    <h3 class=\"\">PRP cheveux &#8211; Stimulation capillaire<\/h3>\n                  <\/div>\n                <\/div>\n                <div data-colibri-id=\"106-c23\" class=\"h-text h-text-component style-845 style-local-106-c23 position-relative h-element\">\n                  <!---->\n                  <!---->\n                  <div class=\"\">\n                    <p>Le PRP capillaire repose sur l\u2019injection de plasma riche en plaquettes, obtenu \u00e0 partir du propre sang du patient, afin de stimuler l\u2019activit\u00e9 du cuir chevelu.<\/p>\n                  <\/div>\n                <\/div>\n                <div data-colibri-id=\"106-c24\" class=\"h-row-container gutters-row-lg-2 gutters-row-md-2 gutters-row-0 gutters-row-v-lg-2 gutters-row-v-md-2 gutters-row-v-0 style-846 style-local-106-c24 position-relative\">\n                  <!---->\n                  <div class=\"h-row justify-content-lg-center justify-content-md-center justify-content-center align-items-lg-stretch align-items-md-stretch align-items-stretch gutters-col-lg-2 gutters-col-md-2 gutters-col-0 gutters-col-v-lg-2 gutters-col-v-md-2 gutters-col-v-0\">\n                    <!---->\n                    <div class=\"h-column h-column-container d-flex h-col-lg-12 h-col-md-12 h-col-12 style-847-outer style-local-106-c25-outer\">\n                      <div data-colibri-id=\"106-c25\" class=\"d-flex h-flex-basis h-column__inner h-px-lg-0 h-px-md-0 h-px-2 v-inner-lg-0 v-inner-md-0 v-inner-2 style-847 style-local-106-c25 position-relative\">\n                        <!---->\n                        <!---->\n                        <div class=\"w-100 h-y-container h-column__content h-column__v-align flex-basis-100 align-self-lg-start align-self-md-start align-self-start\">\n                          <!---->\n                          <div data-colibri-id=\"106-c26\" class=\"h-global-transition-all h-heading style-848 style-local-106-c26 position-relative h-element\">\n                            <!---->\n                            <div class=\"h-heading__outer style-848 style-local-106-c26\">\n                              <!---->\n                              <!---->\n                              <h5 class=\"\">Indications and therapeutic objectives<\/h5>\n                            <\/div>\n                          <\/div>\n                          <div data-colibri-id=\"106-c27\" class=\"h-text h-text-component style-849 style-local-106-c27 position-relative h-element\">\n                            <!---->\n                            <!---->\n                            <div class=\"\">\n                              <ul>\n                                <li>Diminuer la chute de cheveux<\/li>\n                                <li>Am\u00e9liorer la densit\u00e9<\/li>\n                                <li>Renforcer le cheveu<\/li>\n                              <\/ul>\n                              <p>Objectif : stimuler la repousse et am\u00e9liorer la densit\u00e9 et la qualit\u00e9 capillaire.<\/p>\n                            <\/div>\n                          <\/div>\n                          <div data-colibri-id=\"106-c28\" class=\"h-global-transition-all h-heading style-848 style-local-106-c28 position-relative h-element\">\n                            <!---->\n                            <div class=\"h-heading__outer style-848 style-local-106-c28\">\n                              <!---->\n                              <!---->\n                              <h5 class=\"\">Medical procedure<\/h5>\n                            <\/div>\n                          <\/div>\n                          <div data-colibri-id=\"106-c29\" class=\"h-text h-text-component style-849 style-local-106-c29 position-relative h-element\">\n                            <!---->\n                            <!---->\n                            <div class=\"\">\n                              <p>Apr\u00e8s un pr\u00e9l\u00e8vement sanguin, le plasma est pr\u00e9par\u00e9 puis inject\u00e9 au niveau du cuir chevelu selon un protocole pr\u00e9cis. Le traitement est rapide et r\u00e9alis\u00e9 en consultation.<\/p>\n                            <\/div>\n                          <\/div>\n                          <div data-colibri-id=\"106-c30\" class=\"h-global-transition-all h-heading style-848 style-local-106-c30 position-relative h-element\">\n                            <!---->\n                            <div class=\"h-heading__outer style-848 style-local-106-c30\">\n                              <!---->\n                              <!---->\n                              <h5 class=\"\">Medical procedure<\/h5>\n                            <\/div>\n                          <\/div>\n                          <div data-colibri-id=\"106-c31\" class=\"h-text h-text-component style-849 style-local-106-c31 position-relative h-element\">\n                            <!---->\n                            <!---->\n                            <div class=\"\">\n                              <p>De l\u00e9g\u00e8res sensations au cuir chevelu peuvent survenir. Aucune \u00e9viction sociale n\u2019est n\u00e9cessaire. Plusieurs s\u00e9ances sont g\u00e9n\u00e9ralement recommand\u00e9es pour des r\u00e9sultats optimaux.<\/p>\n                            <\/div>\n                          <\/div>\n                          <div data-colibri-id=\"106-c32\" class=\"h-x-container style-1033 style-local-106-c32 position-relative h-element\">\n                            <!---->\n                            <div class=\"h-x-container-inner style-dynamic-106-c32-group style-1033-spacing style-local-106-c32-spacing\"><span class=\"h-button__outer style-1029-outer style-local-106-c33-outer d-inline-flex h-element\"><a h-use-smooth-scroll=\"true\" href=\"https:\/\/docteur-dumontel.com\/en\/tarifs\/\"  data-colibri-id=\"106-c33\" class=\"d-flex w-100 align-items-center h-button justify-content-lg-center justify-content-md-center justify-content-center style-1029 style-local-106-c33 position-relative\"><!----><!----> <span>VOIR LES TARIFS<\/span><\/a>\n                              <\/span>\n                            <\/div>\n                          <\/div>\n                        <\/div>\n                      <\/div>\n                    <\/div>\n                  <\/div>\n                <\/div>\n              <\/div>\n            <\/div>\n          <\/div>\n        <\/div>\n      <\/div>\n    <\/div>\n  <\/div>\n  <div data-colibri-component=\"section\" data-colibri-id=\"106-c34\" id=\"custom\" class=\"h-section h-section-global-spacing d-flex align-items-lg-center align-items-md-center align-items-center style-850 style-local-106-c34 position-relative\">\n    <!---->\n    <!---->\n    <div class=\"h-section-grid-container h-section-boxed-container\">\n      <!---->\n      <div data-colibri-id=\"106-c35\" class=\"h-row-container gutters-row-lg-0 gutters-row-md-0 gutters-row-0 gutters-row-v-lg-0 gutters-row-v-md-0 gutters-row-v-0 style-851 style-local-106-c35 position-relative\">\n        <!---->\n        <div class=\"h-row justify-content-lg-center justify-content-md-center justify-content-center align-items-lg-stretch align-items-md-stretch align-items-stretch gutters-col-lg-0 gutters-col-md-0 gutters-col-0 gutters-col-v-lg-0 gutters-col-v-md-0 gutters-col-v-0\">\n          <!---->\n          <div class=\"h-column h-column-container d-flex h-col-lg-auto h-col-md-auto h-col-auto style-852-outer style-local-106-c36-outer\">\n            <div data-colibri-id=\"106-c36\" class=\"d-flex h-flex-basis h-column__inner h-px-lg-0 h-px-md-0 h-px-0 v-inner-lg-0 v-inner-md-0 v-inner-0 style-852 style-local-106-c36 position-relative\">\n              <!---->\n              <!---->\n              <div class=\"w-100 h-y-container h-column__content h-column__v-align flex-basis-100 align-self-lg-start align-self-md-start align-self-start\">\n                <!---->\n                <div data-colibri-id=\"106-c37\" class=\"h-x-container style-853 style-local-106-c37 position-relative h-element\">\n                  <!---->\n                  <div class=\"h-x-container-inner style-dynamic-106-c37-group style-853-spacing style-local-106-c37-spacing\"><span class=\"h-button__outer style-854-outer style-local-106-c38-outer d-inline-flex h-element\"><a h-use-smooth-scroll=\"true\" href=\"https:\/\/www.doctolib.fr\/medecin-generaliste\/cavalaire-sur-mer\/thibault-dumontel\/booking\/motives?specialityId=222&amp;telehealth=false&amp;placeId=practice-519085&amp;pid=practice-519085&amp;source=profile&amp;bookingFunnelSource=profile\"  data-colibri-id=\"106-c38\" class=\"d-flex w-100 align-items-center h-button justify-content-lg-center justify-content-md-center justify-content-center style-854 style-local-106-c38 position-relative\"><!----><!----> <span>Prendre rendez-vous \u00c0 CANNES<\/span><\/a>\n                    <\/span>\n                  <\/div>\n                <\/div>\n              <\/div>\n            <\/div>\n          <\/div>\n        <\/div>\n      <\/div>\n      <div data-colibri-id=\"106-c39\" class=\"h-row-container gutters-row-lg-0 gutters-row-md-0 gutters-row-0 gutters-row-v-lg-0 gutters-row-v-md-0 gutters-row-v-0 style-1035 style-local-106-c39 position-relative\">\n        <!---->\n        <div class=\"h-row justify-content-lg-center justify-content-md-center justify-content-center align-items-lg-stretch align-items-md-stretch align-items-stretch gutters-col-lg-0 gutters-col-md-0 gutters-col-0 gutters-col-v-lg-0 gutters-col-v-md-0 gutters-col-v-0\">\n          <!---->\n          <div class=\"h-column h-column-container d-flex h-col-lg-auto h-col-md-auto h-col-auto style-1036-outer style-local-106-c40-outer\">\n            <div data-colibri-id=\"106-c40\" class=\"d-flex h-flex-basis h-column__inner h-px-lg-1 h-px-md-1 h-px-1 v-inner-lg-1 v-inner-md-1 v-inner-1 style-1036 style-local-106-c40 position-relative\">\n              <!---->\n              <!---->\n              <div class=\"w-100 h-y-container h-column__content h-column__v-align flex-basis-100 align-self-lg-start align-self-md-start align-self-start\">\n                <!---->\n                <div data-colibri-id=\"106-c41\" class=\"h-x-container style-1037 style-local-106-c41 position-relative h-element\">\n                  <!---->\n                  <div class=\"h-x-container-inner style-dynamic-106-c41-group style-1037-spacing style-local-106-c41-spacing\"><span class=\"h-button__outer style-1038-outer style-local-106-c42-outer d-inline-flex h-element\"><a h-use-smooth-scroll=\"true\" href=\"https:\/\/www.doctolib.fr\/medecin-generaliste\/cavalaire-sur-mer\/thibault-dumontel\/booking\/motives?specialityId=2&amp;telehealth=false&amp;placeId=practice-490624&amp;pid=practice-490624&amp;source=profile&amp;bookingFunnelSource=profile\"  data-colibri-id=\"106-c42\" class=\"d-flex w-100 align-items-center h-button justify-content-lg-center justify-content-md-center justify-content-center style-1038 style-local-106-c42 position-relative\"><!----><!----> <span>MAKE AN APPOINTMENT AT CAVALAIRE<\/span><\/a>\n                    <\/span>\n                  <\/div>\n                <\/div>\n              <\/div>\n            <\/div>\n          <\/div>\n        <\/div>\n      <\/div>\n    <\/div>\n  <\/div>\n<\/div>","protected":false},"excerpt":{"rendered":"<p>Cryolipolyse &#8211; Remodelage du corps La cryolipolyse est une technique non invasive qui [&hellip;]<\/p>\n","protected":false},"author":1,"featured_media":0,"parent":0,"menu_order":0,"comment_status":"closed","ping_status":"closed","template":"page-templates\/full-width-page.php","meta":{"footnotes":""},"class_list":["post-106","page","type-page","status-publish","hentry"],"_links":{"self":[{"href":"https:\/\/docteur-dumontel.com\/en\/wp-json\/wp\/v2\/pages\/106","targetHints":{"allow":["GET"]}}],"collection":[{"href":"https:\/\/docteur-dumontel.com\/en\/wp-json\/wp\/v2\/pages"}],"about":[{"href":"https:\/\/docteur-dumontel.com\/en\/wp-json\/wp\/v2\/types\/page"}],"author":[{"embeddable":true,"href":"https:\/\/docteur-dumontel.com\/en\/wp-json\/wp\/v2\/users\/1"}],"replies":[{"embeddable":true,"href":"https:\/\/docteur-dumontel.com\/en\/wp-json\/wp\/v2\/comments?post=106"}],"version-history":[{"count":10,"href":"https:\/\/docteur-dumontel.com\/en\/wp-json\/wp\/v2\/pages\/106\/revisions"}],"predecessor-version":[{"id":835,"href":"https:\/\/docteur-dumontel.com\/en\/wp-json\/wp\/v2\/pages\/106\/revisions\/835"}],"wp:attachment":[{"href":"https:\/\/docteur-dumontel.com\/en\/wp-json\/wp\/v2\/media?parent=106"}],"curies":[{"name":"wp","href":"https:\/\/api.w.org\/{rel}","templated":true}]}}